{"id":238,"date":"2021-02-16T10:51:04","date_gmt":"2021-02-16T10:51:04","guid":{"rendered":"https:\/\/blog.semecloud.com\/?page_id=238"},"modified":"2021-02-16T10:51:04","modified_gmt":"2021-02-16T10:51:04","slug":"sample","status":"publish","type":"page","link":"https:\/\/panierlibre.com\/bj\/sample\/","title":{"rendered":"sample"},"content":{"rendered":"\t\t<div data-elementor-type=\"wp-page\" data-elementor-id=\"238\" class=\"elementor elementor-238\" data-elementor-settings=\"[]\">\n\t\t\t\t\t\t\t<div class=\"elementor-section-wrap\">\n\t\t\t\t\t\t\t<section class=\"elementor-section elementor-top-section elementor-element elementor-element-683da18 elementor-section-boxed elementor-section-height-default elementor-section-height-default\" data-id=\"683da18\" data-element_type=\"section\">\n\t\t\t\t\t\t<div class=\"elementor-container elementor-column-gap-default\">\n\t\t\t\t\t<div class=\"elementor-column elementor-col-100 elementor-top-column elementor-element elementor-element-faaeefe\" data-id=\"faaeefe\" data-element_type=\"column\">\n\t\t\t<div class=\"elementor-widget-wrap elementor-element-populated\">\n\t\t\t\t\t\t\t\t<div class=\"elementor-element elementor-element-cab448b elementor-nav-menu--indicator-classic elementor-nav-menu--dropdown-tablet elementor-nav-menu__text-align-aside elementor-nav-menu--toggle elementor-nav-menu--burger elementor-widget elementor-widget-nav-menu\" data-id=\"cab448b\" data-element_type=\"widget\" data-settings=\"{&quot;layout&quot;:&quot;horizontal&quot;,&quot;toggle&quot;:&quot;burger&quot;}\" data-widget_type=\"nav-menu.default\">\n\t\t\t\t<div class=\"elementor-widget-container\">\n\t\t\t\t\t\t<nav role=\"navigation\" class=\"elementor-nav-menu--main elementor-nav-menu__container elementor-nav-menu--layout-horizontal e--pointer-underline e--animation-fade\"><ul id=\"menu-1-cab448b\" class=\"elementor-nav-menu\"><li class=\"menu-item menu-item-type-taxonomy menu-item-object-category menu-item-has-children menu-item-2003\"><a href=\"https:\/\/panierlibre.com\/bj\/category\/alimentation\/\" class=\"elementor-item\">Alimentation<\/a>\n<ul class=\"sub-menu elementor-nav-menu--dropdown\">\n\t<li class=\"menu-item menu-item-type-taxonomy menu-item-object-category menu-item-2016\"><a href=\"https:\/\/panierlibre.com\/bj\/category\/alimentation\/nutrition-dietetique\/\" class=\"elementor-sub-item\">Nutrition &#8211; Di\u00e9t\u00e9tique<\/a><\/li>\n\t<li class=\"menu-item menu-item-type-taxonomy menu-item-object-category menu-item-2015\"><a href=\"https:\/\/panierlibre.com\/bj\/category\/alimentation\/idees-recettes\/\" class=\"elementor-sub-item\">Id\u00e9es recettes<\/a><\/li>\n\t<li class=\"menu-item menu-item-type-taxonomy menu-item-object-category menu-item-2014\"><a href=\"https:\/\/panierlibre.com\/bj\/category\/alimentation\/boissons\/\" class=\"elementor-sub-item\">Boissons<\/a><\/li>\n<\/ul>\n<\/li>\n<li class=\"menu-item menu-item-type-taxonomy menu-item-object-category menu-item-has-children menu-item-2004\"><a href=\"https:\/\/panierlibre.com\/bj\/category\/cosmetique\/\" class=\"elementor-item\">Cosm\u00e9tique<\/a>\n<ul class=\"sub-menu elementor-nav-menu--dropdown\">\n\t<li class=\"menu-item menu-item-type-taxonomy menu-item-object-category menu-item-2021\"><a href=\"https:\/\/panierlibre.com\/bj\/category\/cosmetique\/soins-visage\/\" class=\"elementor-sub-item\">Soins visage<\/a><\/li>\n\t<li class=\"menu-item menu-item-type-taxonomy menu-item-object-category menu-item-2020\"><a href=\"https:\/\/panierlibre.com\/bj\/category\/cosmetique\/soins-corps\/\" class=\"elementor-sub-item\">Soins corps<\/a><\/li>\n\t<li class=\"menu-item menu-item-type-taxonomy menu-item-object-category menu-item-2017\"><a href=\"https:\/\/panierlibre.com\/bj\/category\/cosmetique\/maquillage\/\" class=\"elementor-sub-item\">Maquillage<\/a><\/li>\n\t<li class=\"menu-item menu-item-type-taxonomy menu-item-object-category menu-item-2019\"><a href=\"https:\/\/panierlibre.com\/bj\/category\/cosmetique\/soins-capillaires\/\" class=\"elementor-sub-item\">Soins capillaires<\/a><\/li>\n\t<li class=\"menu-item menu-item-type-taxonomy menu-item-object-category menu-item-2018\"><a href=\"https:\/\/panierlibre.com\/bj\/category\/cosmetique\/parfum\/\" class=\"elementor-sub-item\">Parfum<\/a><\/li>\n<\/ul>\n<\/li>\n<li class=\"menu-item menu-item-type-taxonomy menu-item-object-category menu-item-has-children menu-item-2005\"><a href=\"https:\/\/panierlibre.com\/bj\/category\/cultures\/\" class=\"elementor-item\">Cultures<\/a>\n<ul class=\"sub-menu elementor-nav-menu--dropdown\">\n\t<li class=\"menu-item menu-item-type-taxonomy menu-item-object-category menu-item-2025\"><a href=\"https:\/\/panierlibre.com\/bj\/category\/cultures\/fashion\/\" class=\"elementor-sub-item\">Fashion<\/a><\/li>\n\t<li class=\"menu-item menu-item-type-taxonomy menu-item-object-category menu-item-2022\"><a href=\"https:\/\/panierlibre.com\/bj\/category\/cultures\/art\/\" class=\"elementor-sub-item\">Art<\/a><\/li>\n\t<li class=\"menu-item menu-item-type-taxonomy menu-item-object-category menu-item-2023\"><a href=\"https:\/\/panierlibre.com\/bj\/category\/cultures\/cinema\/\" class=\"elementor-sub-item\">Cin\u00e9ma<\/a><\/li>\n\t<li class=\"menu-item menu-item-type-taxonomy menu-item-object-category menu-item-2026\"><a href=\"https:\/\/panierlibre.com\/bj\/category\/cultures\/musique\/\" class=\"elementor-sub-item\">Musique<\/a><\/li>\n\t<li class=\"menu-item menu-item-type-taxonomy menu-item-object-category menu-item-2029\"><a href=\"https:\/\/panierlibre.com\/bj\/category\/cultures\/theatre\/\" class=\"elementor-sub-item\">Th\u00e9atre<\/a><\/li>\n\t<li class=\"menu-item menu-item-type-taxonomy menu-item-object-category menu-item-2024\"><a href=\"https:\/\/panierlibre.com\/bj\/category\/cultures\/exposition\/\" class=\"elementor-sub-item\">Exposition<\/a><\/li>\n<\/ul>\n<\/li>\n<li class=\"menu-item menu-item-type-taxonomy menu-item-object-category menu-item-2006\"><a href=\"https:\/\/panierlibre.com\/bj\/category\/faits-insolites\/\" class=\"elementor-item\">Faits insolites<\/a><\/li>\n<li class=\"menu-item menu-item-type-taxonomy menu-item-object-category menu-item-has-children menu-item-2007\"><a href=\"https:\/\/panierlibre.com\/bj\/category\/loisir-et-divertissements\/\" class=\"elementor-item\">Loisir et Divertissements<\/a>\n<ul class=\"sub-menu elementor-nav-menu--dropdown\">\n\t<li class=\"menu-item menu-item-type-taxonomy menu-item-object-category menu-item-2013\"><a href=\"https:\/\/panierlibre.com\/bj\/category\/loisir-et-divertissements\/sport\/\" class=\"elementor-sub-item\">Sport<\/a><\/li>\n\t<li class=\"menu-item menu-item-type-taxonomy menu-item-object-category menu-item-2033\"><a href=\"https:\/\/panierlibre.com\/bj\/category\/loisir-et-divertissements\/lecture\/\" class=\"elementor-sub-item\">Lecture<\/a><\/li>\n\t<li class=\"menu-item menu-item-type-taxonomy menu-item-object-category menu-item-2031\"><a href=\"https:\/\/panierlibre.com\/bj\/category\/loisir-et-divertissements\/films\/\" class=\"elementor-sub-item\">Films<\/a><\/li>\n\t<li class=\"menu-item menu-item-type-taxonomy menu-item-object-category menu-item-2030\"><a href=\"https:\/\/panierlibre.com\/bj\/category\/loisir-et-divertissements\/emission-tv\/\" class=\"elementor-sub-item\">Emission TV<\/a><\/li>\n\t<li class=\"menu-item menu-item-type-taxonomy menu-item-object-category menu-item-2034\"><a href=\"https:\/\/panierlibre.com\/bj\/category\/loisir-et-divertissements\/series\/\" class=\"elementor-sub-item\">S\u00e9ries<\/a><\/li>\n\t<li class=\"menu-item menu-item-type-taxonomy menu-item-object-category menu-item-2032\"><a href=\"https:\/\/panierlibre.com\/bj\/category\/loisir-et-divertissements\/jeux-video\/\" class=\"elementor-sub-item\">jeux vid\u00e9o<\/a><\/li>\n<\/ul>\n<\/li>\n<li class=\"menu-item menu-item-type-taxonomy menu-item-object-category menu-item-2008\"><a href=\"https:\/\/panierlibre.com\/bj\/category\/on-en-parle\/\" class=\"elementor-item\">On en parle !<\/a><\/li>\n<li class=\"menu-item menu-item-type-taxonomy menu-item-object-category menu-item-2009\"><a href=\"https:\/\/panierlibre.com\/bj\/category\/sante\/\" class=\"elementor-item\">Sant\u00e9<\/a><\/li>\n<li class=\"menu-item menu-item-type-taxonomy menu-item-object-category menu-item-2010\"><a href=\"https:\/\/panierlibre.com\/bj\/category\/tech\/\" class=\"elementor-item\">Tech<\/a><\/li>\n<li class=\"menu-item menu-item-type-taxonomy menu-item-object-category menu-item-2035\"><a href=\"https:\/\/panierlibre.com\/bj\/category\/nos-tests\/\" class=\"elementor-item\">Nos tests<\/a><\/li>\n<li class=\"menu-item menu-item-type-taxonomy menu-item-object-category menu-item-has-children menu-item-2011\"><a href=\"https:\/\/panierlibre.com\/bj\/category\/transport\/\" class=\"elementor-item\">Transport<\/a>\n<ul class=\"sub-menu elementor-nav-menu--dropdown\">\n\t<li class=\"menu-item menu-item-type-taxonomy menu-item-object-category menu-item-2040\"><a href=\"https:\/\/panierlibre.com\/bj\/category\/transport\/voiture\/\" class=\"elementor-sub-item\">Voiture<\/a><\/li>\n\t<li class=\"menu-item menu-item-type-taxonomy menu-item-object-category menu-item-2039\"><a href=\"https:\/\/panierlibre.com\/bj\/category\/transport\/taxi\/\" class=\"elementor-sub-item\">Taxi<\/a><\/li>\n\t<li class=\"menu-item menu-item-type-taxonomy menu-item-object-category menu-item-2037\"><a href=\"https:\/\/panierlibre.com\/bj\/category\/transport\/bus\/\" class=\"elementor-sub-item\">Bus<\/a><\/li>\n\t<li class=\"menu-item menu-item-type-taxonomy menu-item-object-category menu-item-2038\"><a href=\"https:\/\/panierlibre.com\/bj\/category\/transport\/metro\/\" class=\"elementor-sub-item\">M\u00e9tro<\/a><\/li>\n\t<li class=\"menu-item menu-item-type-taxonomy menu-item-object-category menu-item-2036\"><a href=\"https:\/\/panierlibre.com\/bj\/category\/transport\/avion\/\" class=\"elementor-sub-item\">Avion<\/a><\/li>\n<\/ul>\n<\/li>\n<li class=\"menu-item menu-item-type-taxonomy menu-item-object-category menu-item-has-children menu-item-2012\"><a href=\"https:\/\/panierlibre.com\/bj\/category\/voyage-tourisme\/\" class=\"elementor-item\">Voyage &amp; Tourisme<\/a>\n<ul class=\"sub-menu elementor-nav-menu--dropdown\">\n\t<li class=\"menu-item menu-item-type-taxonomy menu-item-object-category menu-item-2042\"><a href=\"https:\/\/panierlibre.com\/bj\/category\/voyage-tourisme\/guide-pratique-du-voyageur\/\" class=\"elementor-sub-item\">Guide pratique du voyageur<\/a><\/li>\n\t<li class=\"menu-item menu-item-type-taxonomy menu-item-object-category menu-item-2043\"><a href=\"https:\/\/panierlibre.com\/bj\/category\/voyage-tourisme\/hotels-vol\/\" class=\"elementor-sub-item\">H\u00f4tels &amp; vol<\/a><\/li>\n\t<li class=\"menu-item menu-item-type-taxonomy menu-item-object-category menu-item-2041\"><a href=\"https:\/\/panierlibre.com\/bj\/category\/voyage-tourisme\/bon-plans-activites\/\" class=\"elementor-sub-item\">Bon plans activit\u00e9s<\/a><\/li>\n<\/ul>\n<\/li>\n<\/ul><\/nav>\n\t\t\t\t\t<div class=\"elementor-menu-toggle\" role=\"button\" tabindex=\"0\" aria-label=\"Menu Toggle\" aria-expanded=\"false\">\n\t\t\t<i class=\"eicon-menu-bar\" aria-hidden=\"true\"><\/i>\n\t\t\t<span class=\"elementor-screen-only\">Menu<\/span>\n\t\t<\/div>\n\t\t\t<nav class=\"elementor-nav-menu--dropdown elementor-nav-menu__container\" role=\"navigation\" aria-hidden=\"true\"><ul id=\"menu-2-cab448b\" class=\"elementor-nav-menu\"><li class=\"menu-item menu-item-type-taxonomy menu-item-object-category menu-item-has-children menu-item-2003\"><a href=\"https:\/\/panierlibre.com\/bj\/category\/alimentation\/\" class=\"elementor-item\">Alimentation<\/a>\n<ul class=\"sub-menu elementor-nav-menu--dropdown\">\n\t<li class=\"menu-item menu-item-type-taxonomy menu-item-object-category menu-item-2016\"><a href=\"https:\/\/panierlibre.com\/bj\/category\/alimentation\/nutrition-dietetique\/\" class=\"elementor-sub-item\">Nutrition &#8211; Di\u00e9t\u00e9tique<\/a><\/li>\n\t<li class=\"menu-item menu-item-type-taxonomy menu-item-object-category menu-item-2015\"><a href=\"https:\/\/panierlibre.com\/bj\/category\/alimentation\/idees-recettes\/\" class=\"elementor-sub-item\">Id\u00e9es recettes<\/a><\/li>\n\t<li class=\"menu-item menu-item-type-taxonomy menu-item-object-category menu-item-2014\"><a href=\"https:\/\/panierlibre.com\/bj\/category\/alimentation\/boissons\/\" class=\"elementor-sub-item\">Boissons<\/a><\/li>\n<\/ul>\n<\/li>\n<li class=\"menu-item menu-item-type-taxonomy menu-item-object-category menu-item-has-children menu-item-2004\"><a href=\"https:\/\/panierlibre.com\/bj\/category\/cosmetique\/\" class=\"elementor-item\">Cosm\u00e9tique<\/a>\n<ul class=\"sub-menu elementor-nav-menu--dropdown\">\n\t<li class=\"menu-item menu-item-type-taxonomy menu-item-object-category menu-item-2021\"><a href=\"https:\/\/panierlibre.com\/bj\/category\/cosmetique\/soins-visage\/\" class=\"elementor-sub-item\">Soins visage<\/a><\/li>\n\t<li class=\"menu-item menu-item-type-taxonomy menu-item-object-category menu-item-2020\"><a href=\"https:\/\/panierlibre.com\/bj\/category\/cosmetique\/soins-corps\/\" class=\"elementor-sub-item\">Soins corps<\/a><\/li>\n\t<li class=\"menu-item menu-item-type-taxonomy menu-item-object-category menu-item-2017\"><a href=\"https:\/\/panierlibre.com\/bj\/category\/cosmetique\/maquillage\/\" class=\"elementor-sub-item\">Maquillage<\/a><\/li>\n\t<li class=\"menu-item menu-item-type-taxonomy menu-item-object-category menu-item-2019\"><a href=\"https:\/\/panierlibre.com\/bj\/category\/cosmetique\/soins-capillaires\/\" class=\"elementor-sub-item\">Soins capillaires<\/a><\/li>\n\t<li class=\"menu-item menu-item-type-taxonomy menu-item-object-category menu-item-2018\"><a href=\"https:\/\/panierlibre.com\/bj\/category\/cosmetique\/parfum\/\" class=\"elementor-sub-item\">Parfum<\/a><\/li>\n<\/ul>\n<\/li>\n<li class=\"menu-item menu-item-type-taxonomy menu-item-object-category menu-item-has-children menu-item-2005\"><a href=\"https:\/\/panierlibre.com\/bj\/category\/cultures\/\" class=\"elementor-item\">Cultures<\/a>\n<ul class=\"sub-menu elementor-nav-menu--dropdown\">\n\t<li class=\"menu-item menu-item-type-taxonomy menu-item-object-category menu-item-2025\"><a href=\"https:\/\/panierlibre.com\/bj\/category\/cultures\/fashion\/\" class=\"elementor-sub-item\">Fashion<\/a><\/li>\n\t<li class=\"menu-item menu-item-type-taxonomy menu-item-object-category menu-item-2022\"><a href=\"https:\/\/panierlibre.com\/bj\/category\/cultures\/art\/\" class=\"elementor-sub-item\">Art<\/a><\/li>\n\t<li class=\"menu-item menu-item-type-taxonomy menu-item-object-category menu-item-2023\"><a href=\"https:\/\/panierlibre.com\/bj\/category\/cultures\/cinema\/\" class=\"elementor-sub-item\">Cin\u00e9ma<\/a><\/li>\n\t<li class=\"menu-item menu-item-type-taxonomy menu-item-object-category menu-item-2026\"><a href=\"https:\/\/panierlibre.com\/bj\/category\/cultures\/musique\/\" class=\"elementor-sub-item\">Musique<\/a><\/li>\n\t<li class=\"menu-item menu-item-type-taxonomy menu-item-object-category menu-item-2029\"><a href=\"https:\/\/panierlibre.com\/bj\/category\/cultures\/theatre\/\" class=\"elementor-sub-item\">Th\u00e9atre<\/a><\/li>\n\t<li class=\"menu-item menu-item-type-taxonomy menu-item-object-category menu-item-2024\"><a href=\"https:\/\/panierlibre.com\/bj\/category\/cultures\/exposition\/\" class=\"elementor-sub-item\">Exposition<\/a><\/li>\n<\/ul>\n<\/li>\n<li class=\"menu-item menu-item-type-taxonomy menu-item-object-category menu-item-2006\"><a href=\"https:\/\/panierlibre.com\/bj\/category\/faits-insolites\/\" class=\"elementor-item\">Faits insolites<\/a><\/li>\n<li class=\"menu-item menu-item-type-taxonomy menu-item-object-category menu-item-has-children menu-item-2007\"><a href=\"https:\/\/panierlibre.com\/bj\/category\/loisir-et-divertissements\/\" class=\"elementor-item\">Loisir et Divertissements<\/a>\n<ul class=\"sub-menu elementor-nav-menu--dropdown\">\n\t<li class=\"menu-item menu-item-type-taxonomy menu-item-object-category menu-item-2013\"><a href=\"https:\/\/panierlibre.com\/bj\/category\/loisir-et-divertissements\/sport\/\" class=\"elementor-sub-item\">Sport<\/a><\/li>\n\t<li class=\"menu-item menu-item-type-taxonomy menu-item-object-category menu-item-2033\"><a href=\"https:\/\/panierlibre.com\/bj\/category\/loisir-et-divertissements\/lecture\/\" class=\"elementor-sub-item\">Lecture<\/a><\/li>\n\t<li class=\"menu-item menu-item-type-taxonomy menu-item-object-category menu-item-2031\"><a href=\"https:\/\/panierlibre.com\/bj\/category\/loisir-et-divertissements\/films\/\" class=\"elementor-sub-item\">Films<\/a><\/li>\n\t<li class=\"menu-item menu-item-type-taxonomy menu-item-object-category menu-item-2030\"><a href=\"https:\/\/panierlibre.com\/bj\/category\/loisir-et-divertissements\/emission-tv\/\" class=\"elementor-sub-item\">Emission TV<\/a><\/li>\n\t<li class=\"menu-item menu-item-type-taxonomy menu-item-object-category menu-item-2034\"><a href=\"https:\/\/panierlibre.com\/bj\/category\/loisir-et-divertissements\/series\/\" class=\"elementor-sub-item\">S\u00e9ries<\/a><\/li>\n\t<li class=\"menu-item menu-item-type-taxonomy menu-item-object-category menu-item-2032\"><a href=\"https:\/\/panierlibre.com\/bj\/category\/loisir-et-divertissements\/jeux-video\/\" class=\"elementor-sub-item\">jeux vid\u00e9o<\/a><\/li>\n<\/ul>\n<\/li>\n<li class=\"menu-item menu-item-type-taxonomy menu-item-object-category menu-item-2008\"><a href=\"https:\/\/panierlibre.com\/bj\/category\/on-en-parle\/\" class=\"elementor-item\">On en parle !<\/a><\/li>\n<li class=\"menu-item menu-item-type-taxonomy menu-item-object-category menu-item-2009\"><a href=\"https:\/\/panierlibre.com\/bj\/category\/sante\/\" class=\"elementor-item\">Sant\u00e9<\/a><\/li>\n<li class=\"menu-item menu-item-type-taxonomy menu-item-object-category menu-item-2010\"><a href=\"https:\/\/panierlibre.com\/bj\/category\/tech\/\" class=\"elementor-item\">Tech<\/a><\/li>\n<li class=\"menu-item menu-item-type-taxonomy menu-item-object-category menu-item-2035\"><a href=\"https:\/\/panierlibre.com\/bj\/category\/nos-tests\/\" class=\"elementor-item\">Nos tests<\/a><\/li>\n<li class=\"menu-item menu-item-type-taxonomy menu-item-object-category menu-item-has-children menu-item-2011\"><a href=\"https:\/\/panierlibre.com\/bj\/category\/transport\/\" class=\"elementor-item\">Transport<\/a>\n<ul class=\"sub-menu elementor-nav-menu--dropdown\">\n\t<li class=\"menu-item menu-item-type-taxonomy menu-item-object-category menu-item-2040\"><a href=\"https:\/\/panierlibre.com\/bj\/category\/transport\/voiture\/\" class=\"elementor-sub-item\">Voiture<\/a><\/li>\n\t<li class=\"menu-item menu-item-type-taxonomy menu-item-object-category menu-item-2039\"><a href=\"https:\/\/panierlibre.com\/bj\/category\/transport\/taxi\/\" class=\"elementor-sub-item\">Taxi<\/a><\/li>\n\t<li class=\"menu-item menu-item-type-taxonomy menu-item-object-category menu-item-2037\"><a href=\"https:\/\/panierlibre.com\/bj\/category\/transport\/bus\/\" class=\"elementor-sub-item\">Bus<\/a><\/li>\n\t<li class=\"menu-item menu-item-type-taxonomy menu-item-object-category menu-item-2038\"><a href=\"https:\/\/panierlibre.com\/bj\/category\/transport\/metro\/\" class=\"elementor-sub-item\">M\u00e9tro<\/a><\/li>\n\t<li class=\"menu-item menu-item-type-taxonomy menu-item-object-category menu-item-2036\"><a href=\"https:\/\/panierlibre.com\/bj\/category\/transport\/avion\/\" class=\"elementor-sub-item\">Avion<\/a><\/li>\n<\/ul>\n<\/li>\n<li class=\"menu-item menu-item-type-taxonomy menu-item-object-category menu-item-has-children menu-item-2012\"><a href=\"https:\/\/panierlibre.com\/bj\/category\/voyage-tourisme\/\" class=\"elementor-item\">Voyage &amp; Tourisme<\/a>\n<ul class=\"sub-menu elementor-nav-menu--dropdown\">\n\t<li class=\"menu-item menu-item-type-taxonomy menu-item-object-category menu-item-2042\"><a href=\"https:\/\/panierlibre.com\/bj\/category\/voyage-tourisme\/guide-pratique-du-voyageur\/\" class=\"elementor-sub-item\">Guide pratique du voyageur<\/a><\/li>\n\t<li class=\"menu-item menu-item-type-taxonomy menu-item-object-category menu-item-2043\"><a href=\"https:\/\/panierlibre.com\/bj\/category\/voyage-tourisme\/hotels-vol\/\" class=\"elementor-sub-item\">H\u00f4tels &amp; vol<\/a><\/li>\n\t<li class=\"menu-item menu-item-type-taxonomy menu-item-object-category menu-item-2041\"><a href=\"https:\/\/panierlibre.com\/bj\/category\/voyage-tourisme\/bon-plans-activites\/\" class=\"elementor-sub-item\">Bon plans activit\u00e9s<\/a><\/li>\n<\/ul>\n<\/li>\n<\/ul><\/nav>\n\t\t\t\t<\/div>\n\t\t\t\t<\/div>\n\t\t\t\t\t<\/div>\n\t\t<\/div>\n\t\t\t\t\t\t\t<\/div>\n\t\t<\/section>\n\t\t\t\t\t\t<\/div>\n\t\t\t\t\t<\/div>\n\t\t","protected":false},"excerpt":{"rendered":"","protected":false},"author":4,"featured_media":0,"parent":0,"menu_order":0,"comment_status":"closed","ping_status":"closed","template":"elementor_header_footer","meta":[],"yoast_head":"<!-- This site is optimized with the Yoast SEO plugin v17.1 - https:\/\/yoast.com\/wordpress\/plugins\/seo\/ -->\n<title>sample - PanierLibre B\u00e9nin<\/title>\n<meta name=\"robots\" content=\"index, follow, max-snippet:-1, max-image-preview:large, max-video-preview:-1\" \/>\n<link rel=\"canonical\" href=\"https:\/\/panierlibre.com\/bj\/sample\/\" \/>\n<meta property=\"og:locale\" content=\"fr_FR\" \/>\n<meta property=\"og:type\" content=\"article\" \/>\n<meta property=\"og:title\" content=\"sample - PanierLibre B\u00e9nin\" \/>\n<meta property=\"og:url\" content=\"https:\/\/panierlibre.com\/bj\/sample\/\" \/>\n<meta property=\"og:site_name\" content=\"PanierLibre B\u00e9nin\" \/>\n<meta name=\"twitter:card\" content=\"summary_large_image\" \/>\n<script type=\"application\/ld+json\" class=\"yoast-schema-graph\">{\"@context\":\"https:\/\/schema.org\",\"@graph\":[{\"@type\":\"WebSite\",\"@id\":\"https:\/\/panierlibre.com\/bj\/#website\",\"url\":\"https:\/\/panierlibre.com\/bj\/\",\"name\":\"PanierLibre B\\u00e9nin\",\"description\":\"Pour des donn\\u00e9es cr\\u00e9dibles et utiles aun B\\u00e9nin\",\"potentialAction\":[{\"@type\":\"SearchAction\",\"target\":{\"@type\":\"EntryPoint\",\"urlTemplate\":\"https:\/\/panierlibre.com\/bj\/?s={search_term_string}\"},\"query-input\":\"required name=search_term_string\"}],\"inLanguage\":\"fr-FR\"},{\"@type\":\"WebPage\",\"@id\":\"https:\/\/panierlibre.com\/bj\/sample\/#webpage\",\"url\":\"https:\/\/panierlibre.com\/bj\/sample\/\",\"name\":\"sample - PanierLibre B\\u00e9nin\",\"isPartOf\":{\"@id\":\"https:\/\/panierlibre.com\/bj\/#website\"},\"datePublished\":\"2021-02-16T10:51:04+00:00\",\"dateModified\":\"2021-02-16T10:51:04+00:00\",\"breadcrumb\":{\"@id\":\"https:\/\/panierlibre.com\/bj\/sample\/#breadcrumb\"},\"inLanguage\":\"fr-FR\",\"potentialAction\":[{\"@type\":\"ReadAction\",\"target\":[\"https:\/\/panierlibre.com\/bj\/sample\/\"]}]},{\"@type\":\"BreadcrumbList\",\"@id\":\"https:\/\/panierlibre.com\/bj\/sample\/#breadcrumb\",\"itemListElement\":[{\"@type\":\"ListItem\",\"position\":1,\"name\":\"Accueil\",\"item\":\"https:\/\/panierlibre.com\/bj\/\"},{\"@type\":\"ListItem\",\"position\":2,\"name\":\"sample\"}]}]}<\/script>\n<!-- \/ Yoast SEO plugin. -->","yoast_head_json":{"title":"sample - PanierLibre B\u00e9nin","robots":{"index":"index","follow":"follow","max-snippet":"max-snippet:-1","max-image-preview":"max-image-preview:large","max-video-preview":"max-video-preview:-1"},"canonical":"https:\/\/panierlibre.com\/bj\/sample\/","og_locale":"fr_FR","og_type":"article","og_title":"sample - PanierLibre B\u00e9nin","og_url":"https:\/\/panierlibre.com\/bj\/sample\/","og_site_name":"PanierLibre B\u00e9nin","twitter_card":"summary_large_image","schema":{"@context":"https:\/\/schema.org","@graph":[{"@type":"WebSite","@id":"https:\/\/panierlibre.com\/bj\/#website","url":"https:\/\/panierlibre.com\/bj\/","name":"PanierLibre B\u00e9nin","description":"Pour des donn\u00e9es cr\u00e9dibles et utiles aun B\u00e9nin","potentialAction":[{"@type":"SearchAction","target":{"@type":"EntryPoint","urlTemplate":"https:\/\/panierlibre.com\/bj\/?s={search_term_string}"},"query-input":"required name=search_term_string"}],"inLanguage":"fr-FR"},{"@type":"WebPage","@id":"https:\/\/panierlibre.com\/bj\/sample\/#webpage","url":"https:\/\/panierlibre.com\/bj\/sample\/","name":"sample - PanierLibre B\u00e9nin","isPartOf":{"@id":"https:\/\/panierlibre.com\/bj\/#website"},"datePublished":"2021-02-16T10:51:04+00:00","dateModified":"2021-02-16T10:51:04+00:00","breadcrumb":{"@id":"https:\/\/panierlibre.com\/bj\/sample\/#breadcrumb"},"inLanguage":"fr-FR","potentialAction":[{"@type":"ReadAction","target":["https:\/\/panierlibre.com\/bj\/sample\/"]}]},{"@type":"BreadcrumbList","@id":"https:\/\/panierlibre.com\/bj\/sample\/#breadcrumb","itemListElement":[{"@type":"ListItem","position":1,"name":"Accueil","item":"https:\/\/panierlibre.com\/bj\/"},{"@type":"ListItem","position":2,"name":"sample"}]}]}},"_links":{"self":[{"href":"https:\/\/panierlibre.com\/bj\/wp-json\/wp\/v2\/pages\/238"}],"collection":[{"href":"https:\/\/panierlibre.com\/bj\/wp-json\/wp\/v2\/pages"}],"about":[{"href":"https:\/\/panierlibre.com\/bj\/wp-json\/wp\/v2\/types\/page"}],"author":[{"embeddable":true,"href":"https:\/\/panierlibre.com\/bj\/wp-json\/wp\/v2\/users\/4"}],"replies":[{"embeddable":true,"href":"https:\/\/panierlibre.com\/bj\/wp-json\/wp\/v2\/comments?post=238"}],"version-history":[{"count":0,"href":"https:\/\/panierlibre.com\/bj\/wp-json\/wp\/v2\/pages\/238\/revisions"}],"wp:attachment":[{"href":"https:\/\/panierlibre.com\/bj\/wp-json\/wp\/v2\/media?parent=238"}],"curies":[{"name":"wp","href":"https:\/\/api.w.org\/{rel}","templated":true}]}}